{"id":186,"date":"2026-01-16T11:06:54","date_gmt":"2026-01-16T10:06:54","guid":{"rendered":"https:\/\/salonsmart-aix.com\/intranet\/?page_id=186"},"modified":"2026-04-20T13:36:12","modified_gmt":"2026-04-20T11:36:12","slug":"accueil","status":"publish","type":"page","link":"https:\/\/salonsmart-aix.com\/intranet\/accueil\/","title":{"rendered":"Accueil"},"content":{"rendered":"\t\t<div data-elementor-type=\"wp-page\" data-elementor-id=\"186\" class=\"elementor elementor-186\" data-elementor-post-type=\"page\">\n\t\t\t\t<div class=\"elementor-element elementor-element-5e76c70 e-flex e-con-boxed e-con e-parent\" data-id=\"5e76c70\" data-element_type=\"container\" data-settings=\"{&quot;background_background&quot;:&quot;classic&quot;}\">\n\t\t\t\t\t<div class=\"e-con-inner\">\n\t\t<div class=\"elementor-element elementor-element-132d085 e-con-full e-flex e-con e-child\" data-id=\"132d085\" data-element_type=\"container\">\n\t\t\t\t<div class=\"elementor-element elementor-element-27f4e5e e-my-account-tabs-vertical elementor-widget elementor-widget-woocommerce-my-account\" data-id=\"27f4e5e\" data-element_type=\"widget\" data-settings=\"{&quot;customize_dashboard_check&quot;:&quot;yes&quot;}\" data-widget_type=\"woocommerce-my-account.default\">\n\t\t\t\t<div class=\"elementor-widget-container\">\n\t\t\t\t\t<div class=\"e-my-account-tab e-my-account-tab__ \">\t\t\t<div class=\"woocommerce\"><\/div>\t\t<\/div>\n\t\t\t\t\t\t<\/div>\n\t\t\t\t<\/div>\n\t\t\t\t<\/div>\n\t\t<div class=\"elementor-element elementor-element-764cc79 e-con-full e-flex e-con e-child\" data-id=\"764cc79\" data-element_type=\"container\" id=\"invitations\" data-settings=\"{&quot;background_background&quot;:&quot;classic&quot;}\">\n\t\t\t\t<div class=\"elementor-element elementor-element-348204f elementor-widget elementor-widget-heading\" data-id=\"348204f\" data-element_type=\"widget\" data-widget_type=\"heading.default\">\n\t\t\t\t<div class=\"elementor-widget-container\">\n\t\t\t\t\t<h3 class=\"elementor-heading-title elementor-size-default\">Mes invitations<\/h3>\t\t\t\t<\/div>\n\t\t\t\t<\/div>\n\t\t\t\t<div class=\"elementor-element elementor-element-86d6598 txtwhite elementor-widget elementor-widget-shortcode\" data-id=\"86d6598\" data-element_type=\"widget\" data-widget_type=\"shortcode.default\">\n\t\t\t\t<div class=\"elementor-widget-container\">\n\t\t\t\t\t\t\t<div class=\"elementor-shortcode\"><p>Acc\u00e8s refus\u00e9.<\/p><\/div>\n\t\t\t\t\t\t<\/div>\n\t\t\t\t<\/div>\n\t\t\t\t<\/div>\n\t\t<div class=\"elementor-element elementor-element-0f6d6cd e-con-full e-flex e-con e-child\" data-id=\"0f6d6cd\" data-element_type=\"container\" data-settings=\"{&quot;background_background&quot;:&quot;classic&quot;}\">\n\t\t\t\t<div class=\"elementor-element elementor-element-8f6a09f elementor-widget elementor-widget-heading\" data-id=\"8f6a09f\" data-element_type=\"widget\" data-widget_type=\"heading.default\">\n\t\t\t\t<div class=\"elementor-widget-container\">\n\t\t\t\t\t<h3 class=\"elementor-heading-title elementor-size-default\">Mes invitations vernissage<\/h3>\t\t\t\t<\/div>\n\t\t\t\t<\/div>\n\t\t\t\t<div class=\"elementor-element elementor-element-d3ddd79 txtwhite elementor-widget elementor-widget-shortcode\" data-id=\"d3ddd79\" data-element_type=\"widget\" data-widget_type=\"shortcode.default\">\n\t\t\t\t<div class=\"elementor-widget-container\">\n\t\t\t\t\t\t\t<div class=\"elementor-shortcode\"><p>Acc\u00e8s refus\u00e9.<\/p><\/div>\n\t\t\t\t\t\t<\/div>\n\t\t\t\t<\/div>\n\t\t\t\t<\/div>\n\t\t<div class=\"elementor-element elementor-element-ebbd7c9 e-con-full e-flex e-con e-child\" data-id=\"ebbd7c9\" data-element_type=\"container\" data-settings=\"{&quot;background_background&quot;:&quot;classic&quot;}\">\n\t\t\t\t<div class=\"elementor-element elementor-element-3b84de2 elementor-widget elementor-widget-heading\" data-id=\"3b84de2\" data-element_type=\"widget\" data-widget_type=\"heading.default\">\n\t\t\t\t<div class=\"elementor-widget-container\">\n\t\t\t\t\t<h3 class=\"elementor-heading-title elementor-size-default\">Ma biographie<\/h3>\t\t\t\t<\/div>\n\t\t\t\t<\/div>\n\t\t\t\t<div class=\"elementor-element elementor-element-ecc573b txtwhite elementor-widget elementor-widget-shortcode\" data-id=\"ecc573b\" data-element_type=\"widget\" data-widget_type=\"shortcode.default\">\n\t\t\t\t<div class=\"elementor-widget-container\">\n\t\t\t\t\t\t\t<div class=\"elementor-shortcode\"><p>Vous devez \u00eatre connect\u00e9.<\/p><\/div>\n\t\t\t\t\t\t<\/div>\n\t\t\t\t<\/div>\n\t\t\t\t<\/div>\n\t\t<div class=\"elementor-element elementor-element-c72ca82 e-con-full e-flex e-con e-child\" data-id=\"c72ca82\" data-element_type=\"container\" id=\"photos\" data-settings=\"{&quot;background_background&quot;:&quot;classic&quot;}\">\n\t\t\t\t<div class=\"elementor-element elementor-element-13cf069 elementor-widget elementor-widget-heading\" data-id=\"13cf069\" data-element_type=\"widget\" data-widget_type=\"heading.default\">\n\t\t\t\t<div class=\"elementor-widget-container\">\n\t\t\t\t\t<h3 class=\"elementor-heading-title elementor-size-default\">Photos des oeuvres<\/h3>\t\t\t\t<\/div>\n\t\t\t\t<\/div>\n\t\t\t\t<div class=\"elementor-element elementor-element-ef42740 elementor-widget elementor-widget-text-editor\" data-id=\"ef42740\" data-element_type=\"widget\" data-widget_type=\"text-editor.default\">\n\t\t\t\t<div class=\"elementor-widget-container\">\n\t\t\t\t\t\t\t\t\t<p>T\u00e9l\u00e9chargez ici les photos de vos oeuvres.<\/p><p><strong><span style=\"text-decoration: underline;\">Veuillez bien v\u00e9rifier que la photo n\u00b01 est renseign\u00e9e (elle est obligatoire car affich\u00e9e en premier dans la galerie des artistes)<\/span><\/strong><\/p>\t\t\t\t\t\t\t\t<\/div>\n\t\t\t\t<\/div>\n\t\t\t\t<div class=\"elementor-element elementor-element-2449dba txtwhite elementor-widget elementor-widget-shortcode\" data-id=\"2449dba\" data-element_type=\"widget\" data-widget_type=\"shortcode.default\">\n\t\t\t\t<div class=\"elementor-widget-container\">\n\t\t\t\t\t\t\t<div class=\"elementor-shortcode\"><p>Acc\u00e8s refus\u00e9.<\/p><\/div>\n\t\t\t\t\t\t<\/div>\n\t\t\t\t<\/div>\n\t\t\t\t<\/div>\n\t\t<div class=\"elementor-element elementor-element-109abf7 e-con-full e-flex e-con e-child\" data-id=\"109abf7\" data-element_type=\"container\" id=\"guide\" data-settings=\"{&quot;background_background&quot;:&quot;classic&quot;}\">\n\t\t\t\t<div class=\"elementor-element elementor-element-fd76de9 elementor-widget elementor-widget-heading\" data-id=\"fd76de9\" data-element_type=\"widget\" data-widget_type=\"heading.default\">\n\t\t\t\t<div class=\"elementor-widget-container\">\n\t\t\t\t\t<h3 class=\"elementor-heading-title elementor-size-default\">Guide de l'exposant 2026<\/h3>\t\t\t\t<\/div>\n\t\t\t\t<\/div>\n\t\t\t\t<div class=\"elementor-element elementor-element-af5b19a txtwhite elementor-widget elementor-widget-shortcode\" data-id=\"af5b19a\" data-element_type=\"widget\" data-widget_type=\"shortcode.default\">\n\t\t\t\t<div class=\"elementor-widget-container\">\n\t\t\t\t\t\t\t<div class=\"elementor-shortcode\"><\/div>\n\t\t\t\t\t\t<\/div>\n\t\t\t\t<\/div>\n\t\t\t\t<\/div>\n\t\t\t\t\t<\/div>\n\t\t\t\t<\/div>\n\t\t\t\t<\/div>\n\t\t","protected":false},"excerpt":{"rendered":"<p>Tableau de bord Commandes T\u00e9l\u00e9chargements Coordonn\u00e9es Moyens de paiement D\u00e9tails du compte D\u00e9connexion Bonjour admin (vous n\u2019\u00eates pas admin\u00a0? D\u00e9connexion) \u00c0 partir du tableau de bord de votre compte, vous pouvez visualiser vos commandes r\u00e9centes, g\u00e9rer vos adresses de livraison et de facturation ainsi que changer votre mot de passe et les d\u00e9tails de votre [&hellip;]<\/p>\n","protected":false},"author":1,"featured_media":0,"parent":0,"menu_order":0,"comment_status":"closed","ping_status":"closed","template":"","meta":{"_acf_changed":false,"footnotes":""},"class_list":["post-186","page","type-page","status-publish","hentry"],"acf":[],"_links":{"self":[{"href":"https:\/\/salonsmart-aix.com\/intranet\/wp-json\/wp\/v2\/pages\/186","targetHints":{"allow":["GET"]}}],"collection":[{"href":"https:\/\/salonsmart-aix.com\/intranet\/wp-json\/wp\/v2\/pages"}],"about":[{"href":"https:\/\/salonsmart-aix.com\/intranet\/wp-json\/wp\/v2\/types\/page"}],"author":[{"embeddable":true,"href":"https:\/\/salonsmart-aix.com\/intranet\/wp-json\/wp\/v2\/users\/1"}],"replies":[{"embeddable":true,"href":"https:\/\/salonsmart-aix.com\/intranet\/wp-json\/wp\/v2\/comments?post=186"}],"version-history":[{"count":233,"href":"https:\/\/salonsmart-aix.com\/intranet\/wp-json\/wp\/v2\/pages\/186\/revisions"}],"predecessor-version":[{"id":1505,"href":"https:\/\/salonsmart-aix.com\/intranet\/wp-json\/wp\/v2\/pages\/186\/revisions\/1505"}],"wp:attachment":[{"href":"https:\/\/salonsmart-aix.com\/intranet\/wp-json\/wp\/v2\/media?parent=186"}],"curies":[{"name":"wp","href":"https:\/\/api.w.org\/{rel}","templated":true}]}}